{"id":13,"date":"2018-12-23T14:28:23","date_gmt":"2018-12-23T14:28:23","guid":{"rendered":"http:\/\/www.avellana.de\/?page_id=13"},"modified":"2022-07-19T09:41:08","modified_gmt":"2022-07-19T09:41:08","slug":"impressum","status":"publish","type":"page","link":"https:\/\/avellana.de\/en\/impressum\/","title":{"rendered":"Contact"},"content":{"rendered":"<div data-elementor-type=\"wp-post\" data-elementor-id=\"13\" class=\"elementor elementor-13\" data-elementor-settings=\"[]\">\n\t\t\t\t\t\t<div class=\"elementor-inner\">\n\t\t\t\t\t\t\t<div class=\"elementor-section-wrap\">\n\t\t\t\t\t\t\t<section class=\"elementor-section elementor-top-section elementor-element elementor-element-4a785030 elementor-section-boxed elementor-section-height-default elementor-section-height-default\" data-id=\"4a785030\" data-element_type=\"section\" data-settings=\"{&quot;background_background&quot;:&quot;classic&quot;,&quot;shape_divider_bottom&quot;:&quot;curve&quot;,&quot;shape_divider_bottom_negative&quot;:&quot;yes&quot;}\">\n\t\t\t\t\t\t\t<div class=\"elementor-background-overlay\"><\/div>\n\t\t\t\t\t\t<div class=\"elementor-shape elementor-shape-bottom\" data-negative=\"true\">\n\t\t\t<svg xmlns=\"http:\/\/www.w3.org\/2000\/svg\" viewbox=\"0 0 1000 100\" preserveaspectratio=\"none\">\n\t<path class=\"elementor-shape-fill\" d=\"M500,97C126.7,96.3,0.8,19.8,0,0v100l1000,0V1C1000,19.4,873.3,97.8,500,97z\"\/>\n<\/svg>\t\t<\/div>\n\t\t\t\t\t<div class=\"elementor-container elementor-column-gap-default\">\n\t\t\t\t\t\t\t<div class=\"elementor-row\">\n\t\t\t\t\t<div class=\"elementor-column elementor-col-100 elementor-top-column elementor-element elementor-element-6d812dad\" data-id=\"6d812dad\" data-element_type=\"column\">\n\t\t\t<div class=\"elementor-column-wrap elementor-element-populated\">\n\t\t\t\t\t\t\t<div class=\"elementor-widget-wrap\">\n\t\t\t\t\t\t<div class=\"elementor-element elementor-element-5a3f03c3 elementor-widget elementor-widget-heading\" data-id=\"5a3f03c3\" data-element_type=\"widget\" data-widget_type=\"heading.default\">\n\t\t\t\t<div class=\"elementor-widget-container\">\n\t\t\t<h2 class=\"elementor-heading-title elementor-size-default\">Contact<\/h2>\t\t<\/div>\n\t\t\t\t<\/div>\n\t\t\t\t\t\t<\/div>\n\t\t\t\t\t<\/div>\n\t\t<\/div>\n\t\t\t\t\t\t\t\t<\/div>\n\t\t\t\t\t<\/div>\n\t\t<\/section>\n\t\t\t\t<section class=\"elementor-section elementor-top-section elementor-element elementor-element-17da352b elementor-section-boxed elementor-section-height-default elementor-section-height-default\" data-id=\"17da352b\" data-element_type=\"section\">\n\t\t\t\t\t\t<div class=\"elementor-container elementor-column-gap-default\">\n\t\t\t\t\t\t\t<div class=\"elementor-row\">\n\t\t\t\t\t<div class=\"elementor-column elementor-col-100 elementor-top-column elementor-element elementor-element-614285b8\" data-id=\"614285b8\" data-element_type=\"column\">\n\t\t\t<div class=\"elementor-column-wrap elementor-element-populated\">\n\t\t\t\t\t\t\t<div class=\"elementor-widget-wrap\">\n\t\t\t\t\t\t<div class=\"elementor-element elementor-element-1dbe9b12 elementor-widget elementor-widget-text-editor\" data-id=\"1dbe9b12\" data-element_type=\"widget\" data-widget_type=\"text-editor.default\">\n\t\t\t\t<div class=\"elementor-widget-container\">\n\t\t\t\t\t\t\t\t<div class=\"elementor-text-editor elementor-clearfix\">\n\t\t\t\t<p><strong>Angaben gem\u00e4\u00df \u00a7 5 TMG:<\/strong><\/p><p>Avellana AS GmbH<\/p><p><strong>Vertreten durch:<\/strong><\/p><p>Managing Director: Ahmet Sahin<\/p><p><b>Kontakt:<\/b><\/p><p>K\u00f6lner-Stra\u00dfe 180-182<br \/>50226 Frechen<br \/>Germany<br \/>Tel. +49 (0) 2234 &#8211; 95 39 1-0<br \/>Fax +49 (0) 2234 &#8211; 95 39 1-50<br \/>Ust.-lD: DE815615927<br \/>Registergericht: Amtsgericht K\u00f6ln<br \/>Avellana AS GmbH; HRB-Nr.: 87048<br \/><span style=\"font-weight: var( --e-global-typography-text-font-weight ); font-family: var( --e-global-typography-text-font-family ), Sans-serif; color: var( --e-global-color-text );\">BIO-Kontrollstelle: DE-\u00d6KO-005<br \/>E-Mail:\u00a0<\/span><a style=\"color: var( --e-global-color-text ); font-family: var( --e-global-typography-text-font-family ), Sans-serif; font-weight: var( --e-global-typography-text-font-weight );\">contact@avellana.de<\/a><\/p><h3>Streitschlichtung:<\/h3><p>Die Europ\u00e4ische Kommission stellt eine Plattform zur Online-Streitbeilegung (OS) bereit:<br \/>https:\/\/ec.europa.eu\/consumers\/odr<br \/>Unsere E-Mail-Adresse finden Sie oben im Impressum.<br \/>Wir sind nicht bereit oder verpflichtet, an Streitbeilegungsverfahren vor einer<br \/>Verbraucherschlichtungsstelle teilzunehmen.<\/p><h3>Haftung f\u00fcr Inhalte:<\/h3><p>Als Diensteanbieter sind wir gem\u00e4\u00df \u00a7 7 Abs.1 TMG f\u00fcr eigene Inhalte auf diesen Seiten nach den<br \/>allgemeinen Gesetzen verantwortlich. Nach \u00a7\u00a7 8 bis 10 TMG sind wir als Diensteanbieter jedoch nicht<br \/>verpflichtet, \u00fcbermittelte oder gespeicherte fremde Informationen zu \u00fcberwachen oder nach Umst\u00e4nden<br \/>zu forschen, die auf eine rechtswidrige T\u00e4tigkeit hinweisen.<br \/>Verpflichtungen zur Entfernung oder Sperrung der Nutzung von Informationen nach den allgemeinen<br \/>Gesetzen bleiben hiervon unber\u00fchrt. Eine diesbez\u00fcgliche Haftung ist jedoch erst ab dem Zeitpunkt der<br \/>Kenntnis einer konkreten Rechtsverletzung m\u00f6glich. Bei Bekanntwerden von entsprechenden<br \/>Rechtsverletzungen werden wir diese Inhalte umgehend entfernen.<\/p><h3>Haftung f\u00fcr Links:<\/h3><p>Unser Angebot enth\u00e4lt Links zu externen Websites Dritter, auf deren Inhalte wir keinen Einfluss haben.<br \/>Deshalb k\u00f6nnen wir f\u00fcr diese fremden Inhalte auch keine Gew\u00e4hr \u00fcbernehmen. F\u00fcr die Inhalte der<br \/>verlinkten Seiten ist stets der jeweilige Anbieter oder Betreiber der Seiten verantwortlich. Die verlinkten<br \/>Seiten wurden zum Zeitpunkt der Verlinkung auf m\u00f6gliche Rechtsverst\u00f6\u00dfe \u00fcberpr\u00fcft. Rechtswidrige<br \/>Inhalte waren zum Zeitpunkt der Verlinkung nicht erkennbar.<br \/>Eine permanente inhaltliche Kontrolle der verlinkten Seiten ist jedoch ohne konkrete Anhaltspunkte einer<br \/>Rechtsverletzung nicht zumutbar. Bei Bekanntwerden von Rechtsverletzungen werden wir derartige Links<br \/>umgehend entfernen.<\/p><h3>Urheberrecht:<\/h3><p>Die durch die Seitenbetreiber erstellten Inhalte und Werke auf diesen Seiten unterliegen dem deutschen<br \/>Urheberrecht. Die Vervielf\u00e4ltigung, Bearbeitung, Verbreitung und jede Art der Verwertung au\u00dferhalb der<br \/>Grenzen des Urheberrechtes bed\u00fcrfen der schriftlichen Zustimmung des jeweiligen Autors bzw.<br \/>Erstellers. Downloads und Kopien dieser Seite sind nur f\u00fcr den privaten, nicht kommerziellen Gebrauch<br \/>gestattet.<br \/>Soweit die Inhalte auf dieser Seite nicht vom Betreiber erstellt wurden, werden die Urheberrechte Dritter<br \/>beachtet. Insbesondere werden Inhalte Dritter als solche gekennzeichnet. Sollten Sie trotzdem auf eine<br \/>Urheberrechtsverletzung aufmerksam werden, bitten wir um einen entsprechenden Hinweis. Bei<br \/>Bekanntwerden von Rechtsverletzungen werden wir derartige Inhalte umgehend entfernen.<br \/>Quelle: e-recht24.de<\/p>\t\t\t\t\t<\/div>\n\t\t\t\t\t\t<\/div>\n\t\t\t\t<\/div>\n\t\t\t\t\t\t<\/div>\n\t\t\t\t\t<\/div>\n\t\t<\/div>\n\t\t\t\t\t\t\t\t<\/div>\n\t\t\t\t\t<\/div>\n\t\t<\/section>\n\t\t\t\t\t\t<\/div>\n\t\t\t\t\t\t<\/div>\n\t\t\t\t\t<\/div>","protected":false},"excerpt":{"rendered":"<p>Impressum Angaben gem\u00e4\u00df \u00a7 5 TMG: Avellana AS GmbH Vertreten durch: Gesch\u00e4ftsf\u00fchrer: Ahmet Sahin Kontakt: K\u00f6lner-Stra\u00dfe 180-18250226 FrechenDeutschlandTel. +49 (0) 2234 &#8211; 95 39 1-0Fax +49 (0) 2234 &#8211; 95 39 1-50Ust.-lD: DE815615927Registergericht: Amtsgericht K\u00f6lnAvellana AS GmbH; HRB-Nr.: 87048BIO-Kontrollstelle: DE-\u00d6KO-005E-Mail:\u00a0contact@avellana.de Streitschlichtung: Die Europ\u00e4ische Kommission stellt eine Plattform zur Online-Streitbeilegung (OS) bereit:https:\/\/ec.europa.eu\/consumers\/odrUnsere E-Mail-Adresse finden Sie oben [&hellip;]<\/p>","protected":false},"author":1,"featured_media":0,"parent":0,"menu_order":0,"comment_status":"closed","ping_status":"closed","template":"","meta":{"_mi_skip_tracking":false},"yoast_head":"<!-- This site is optimized with the Yoast SEO plugin v17.7.1 - https:\/\/yoast.com\/wordpress\/plugins\/seo\/ -->\n<title>Impressum - Avellana<\/title>\n<meta name=\"robots\" content=\"index, follow, max-snippet:-1, max-image-preview:large, max-video-preview:-1\" \/>\n<link rel=\"canonical\" href=\"https:\/\/avellana.de\/en\/impressum\/\" \/>\n<meta property=\"og:locale\" content=\"en_US\" \/>\n<meta property=\"og:type\" content=\"article\" \/>\n<meta property=\"og:title\" content=\"Impressum - Avellana\" \/>\n<meta property=\"og:description\" content=\"Impressum Angaben gem\u00e4\u00df \u00a7 5 TMG: Avellana AS GmbH Vertreten durch: Gesch\u00e4ftsf\u00fchrer: Ahmet Sahin Kontakt: K\u00f6lner-Stra\u00dfe 180-18250226 FrechenDeutschlandTel. +49 (0) 2234 &#8211; 95 39 1-0Fax +49 (0) 2234 &#8211; 95 39 1-50Ust.-lD: DE815615927Registergericht: Amtsgericht K\u00f6lnAvellana AS GmbH; HRB-Nr.: 87048BIO-Kontrollstelle: DE-\u00d6KO-005E-Mail:\u00a0contact@avellana.de Streitschlichtung: Die Europ\u00e4ische Kommission stellt eine Plattform zur Online-Streitbeilegung (OS) bereit:https:\/\/ec.europa.eu\/consumers\/odrUnsere E-Mail-Adresse finden Sie oben [&hellip;]\" \/>\n<meta property=\"og:url\" content=\"https:\/\/avellana.de\/en\/impressum\/\" \/>\n<meta property=\"og:site_name\" content=\"Avellana\" \/>\n<meta property=\"article:modified_time\" content=\"2022-07-19T09:41:08+00:00\" \/>\n<meta name=\"twitter:card\" content=\"summary_large_image\" \/>\n<meta name=\"twitter:label1\" content=\"Est. reading time\" \/>\n\t<meta name=\"twitter:data1\" content=\"2 minutes\" \/>\n<script type=\"application\/ld+json\" class=\"yoast-schema-graph\">{\"@context\":\"https:\/\/schema.org\",\"@graph\":[{\"@type\":\"Organization\",\"@id\":\"https:\/\/avellana.de\/#organization\",\"name\":\"Avellana AS GmbH\",\"url\":\"https:\/\/avellana.de\/\",\"sameAs\":[],\"logo\":{\"@type\":\"ImageObject\",\"@id\":\"https:\/\/avellana.de\/#logo\",\"inLanguage\":\"en-US\",\"url\":\"https:\/\/avellana.de\/wp-content\/uploads\/2019\/01\/avellana.png\",\"contentUrl\":\"https:\/\/avellana.de\/wp-content\/uploads\/2019\/01\/avellana.png\",\"width\":906,\"height\":306,\"caption\":\"Avellana AS GmbH\"},\"image\":{\"@id\":\"https:\/\/avellana.de\/#logo\"}},{\"@type\":\"WebSite\",\"@id\":\"https:\/\/avellana.de\/#website\",\"url\":\"https:\/\/avellana.de\/\",\"name\":\"Avellana\",\"description\":\"N\\u00fcsse &amp; Trockenfr\\u00fcchte\",\"publisher\":{\"@id\":\"https:\/\/avellana.de\/#organization\"},\"potentialAction\":[{\"@type\":\"SearchAction\",\"target\":{\"@type\":\"EntryPoint\",\"urlTemplate\":\"https:\/\/avellana.de\/?s={search_term_string}\"},\"query-input\":\"required name=search_term_string\"}],\"inLanguage\":\"en-US\"},{\"@type\":\"WebPage\",\"@id\":\"https:\/\/avellana.de\/impressum\/#webpage\",\"url\":\"https:\/\/avellana.de\/impressum\/\",\"name\":\"Impressum - Avellana\",\"isPartOf\":{\"@id\":\"https:\/\/avellana.de\/#website\"},\"datePublished\":\"2018-12-23T14:28:23+00:00\",\"dateModified\":\"2022-07-19T09:41:08+00:00\",\"breadcrumb\":{\"@id\":\"https:\/\/avellana.de\/impressum\/#breadcrumb\"},\"inLanguage\":\"en-US\",\"potentialAction\":[{\"@type\":\"ReadAction\",\"target\":[\"https:\/\/avellana.de\/impressum\/\"]}]},{\"@type\":\"BreadcrumbList\",\"@id\":\"https:\/\/avellana.de\/impressum\/#breadcrumb\",\"itemListElement\":[{\"@type\":\"ListItem\",\"position\":1,\"name\":\"Home\",\"item\":\"https:\/\/avellana.de\/\"},{\"@type\":\"ListItem\",\"position\":2,\"name\":\"Impressum\"}]}]}<\/script>\n<!-- \/ Yoast SEO plugin. -->","yoast_head_json":{"title":"Impressum - Avellana","robots":{"index":"index","follow":"follow","max-snippet":"max-snippet:-1","max-image-preview":"max-image-preview:large","max-video-preview":"max-video-preview:-1"},"canonical":"https:\/\/avellana.de\/en\/impressum\/","og_locale":"en_US","og_type":"article","og_title":"Impressum - Avellana","og_description":"Impressum Angaben gem\u00e4\u00df \u00a7 5 TMG: Avellana AS GmbH Vertreten durch: Gesch\u00e4ftsf\u00fchrer: Ahmet Sahin Kontakt: K\u00f6lner-Stra\u00dfe 180-18250226 FrechenDeutschlandTel. +49 (0) 2234 &#8211; 95 39 1-0Fax +49 (0) 2234 &#8211; 95 39 1-50Ust.-lD: DE815615927Registergericht: Amtsgericht K\u00f6lnAvellana AS GmbH; HRB-Nr.: 87048BIO-Kontrollstelle: DE-\u00d6KO-005E-Mail:\u00a0contact@avellana.de Streitschlichtung: Die Europ\u00e4ische Kommission stellt eine Plattform zur Online-Streitbeilegung (OS) bereit:https:\/\/ec.europa.eu\/consumers\/odrUnsere E-Mail-Adresse finden Sie oben [&hellip;]","og_url":"https:\/\/avellana.de\/en\/impressum\/","og_site_name":"Avellana","article_modified_time":"2022-07-19T09:41:08+00:00","twitter_card":"summary_large_image","twitter_misc":{"Est. reading time":"2 minutes"},"schema":{"@context":"https:\/\/schema.org","@graph":[{"@type":"Organization","@id":"https:\/\/avellana.de\/#organization","name":"Avellana AS GmbH","url":"https:\/\/avellana.de\/","sameAs":[],"logo":{"@type":"ImageObject","@id":"https:\/\/avellana.de\/#logo","inLanguage":"en-US","url":"https:\/\/avellana.de\/wp-content\/uploads\/2019\/01\/avellana.png","contentUrl":"https:\/\/avellana.de\/wp-content\/uploads\/2019\/01\/avellana.png","width":906,"height":306,"caption":"Avellana AS GmbH"},"image":{"@id":"https:\/\/avellana.de\/#logo"}},{"@type":"WebSite","@id":"https:\/\/avellana.de\/#website","url":"https:\/\/avellana.de\/","name":"Avellana","description":"N\u00fcsse &amp; Trockenfr\u00fcchte","publisher":{"@id":"https:\/\/avellana.de\/#organization"},"potentialAction":[{"@type":"SearchAction","target":{"@type":"EntryPoint","urlTemplate":"https:\/\/avellana.de\/?s={search_term_string}"},"query-input":"required name=search_term_string"}],"inLanguage":"en-US"},{"@type":"WebPage","@id":"https:\/\/avellana.de\/impressum\/#webpage","url":"https:\/\/avellana.de\/impressum\/","name":"Impressum - Avellana","isPartOf":{"@id":"https:\/\/avellana.de\/#website"},"datePublished":"2018-12-23T14:28:23+00:00","dateModified":"2022-07-19T09:41:08+00:00","breadcrumb":{"@id":"https:\/\/avellana.de\/impressum\/#breadcrumb"},"inLanguage":"en-US","potentialAction":[{"@type":"ReadAction","target":["https:\/\/avellana.de\/impressum\/"]}]},{"@type":"BreadcrumbList","@id":"https:\/\/avellana.de\/impressum\/#breadcrumb","itemListElement":[{"@type":"ListItem","position":1,"name":"Home","item":"https:\/\/avellana.de\/"},{"@type":"ListItem","position":2,"name":"Impressum"}]}]}},"_links":{"self":[{"href":"https:\/\/avellana.de\/en\/wp-json\/wp\/v2\/pages\/13"}],"collection":[{"href":"https:\/\/avellana.de\/en\/wp-json\/wp\/v2\/pages"}],"about":[{"href":"https:\/\/avellana.de\/en\/wp-json\/wp\/v2\/types\/page"}],"author":[{"embeddable":true,"href":"https:\/\/avellana.de\/en\/wp-json\/wp\/v2\/users\/1"}],"replies":[{"embeddable":true,"href":"https:\/\/avellana.de\/en\/wp-json\/wp\/v2\/comments?post=13"}],"version-history":[{"count":12,"href":"https:\/\/avellana.de\/en\/wp-json\/wp\/v2\/pages\/13\/revisions"}],"predecessor-version":[{"id":1186,"href":"https:\/\/avellana.de\/en\/wp-json\/wp\/v2\/pages\/13\/revisions\/1186"}],"wp:attachment":[{"href":"https:\/\/avellana.de\/en\/wp-json\/wp\/v2\/media?parent=13"}],"curies":[{"name":"wp","href":"https:\/\/api.w.org\/{rel}","templated":true}]}}